{"id":134,"date":"2019-12-24T16:27:42","date_gmt":"2019-12-24T15:27:42","guid":{"rendered":"http:\/\/www.msc-wiesau.de\/wordpress\/?page_id=134"},"modified":"2021-05-31T09:54:22","modified_gmt":"2021-05-31T07:54:22","slug":"kartgeschichte-in-wiesau","status":"publish","type":"page","link":"https:\/\/www.msc-wiesau.de\/wordpress\/kartgeschichte-in-wiesau\/","title":{"rendered":"Kartgeschichte in Wiesau"},"content":{"rendered":"<table style=\"width: 120.517%; height: 1116px;\" border=\"0\" align=\"center\">\n<tbody>\n<tr style=\"height: 61px;\">\n<td style=\"width: 100%; height: 61px;\" align=\"center\" valign=\"top\"><strong><span style=\"font-size: 14pt;\">Fahrrad &#8211; Tretcar &#8211; Kart<\/span><\/strong><br \/>\n<strong><span style=\"font-size: 14pt;\">Jugendarbeit im MSC Wiesau<\/span><\/strong><\/td>\n<\/tr>\n<tr style=\"height: 1045px;\">\n<td style=\"width: 100%; height: 1045px;\"><span style=\"font-family: arial,helvetica,sans-serif; font-size: 10pt;\">Von Beginn an, hatte der MSC Wiesau Veranstaltungen f\u00fcr die J\u00fcngeren Semester, junge Motorsportfans bzw. den Nachwuchs der Aktiven, im Programm. Zu den ersten\u00a0Aktivit\u00e4ten in dieser Richtung geh\u00f6rte die Kinder-Rallye bzw. Osterausfahrt mit kleinen Geschicklichkeitsaufgaben oder eine Fuchsjagd mit Jugendwertung. Neben den genannten M\u00f6glichkeiten, die eher dem gesellschaftlichen Bereich zuzuordnen sind, stand auch die Verkehrserziehung im Vordergrund. Das ADAC-Fahrradturnier<\/span><br \/>\n<span style=\"font-family: arial,helvetica,sans-serif; font-size: 10pt;\">&#8222;Wer wird Meister auf zwei R\u00e4dern?&#8220;<\/span><br \/>\n<span style=\"font-family: arial,helvetica,sans-serif; font-size: 10pt;\">soll Kindern und Jugendlichen in spielerischer Weise die im Stra\u00dfenverkehr n\u00f6tigen F\u00e4higkeiten vermitteln. Entsprechend sind die Aufgaben zusammengestellt: Spurbrett, Schr\u00e4gbrett, Kreisel oder der Spurwechsel stellen reale Situationen dar, mit denen die jungen Verkehrsteilnehmer st\u00e4ndig konfrontiert werden. Das Fahrradturnier ist seit Jahren fester Bestandteil des MSC-Kalenders.<\/span><span style=\"font-family: arial,helvetica,sans-serif; font-size: 10pt;\">Neben den Fahrradturnieren wurden auch bis 1992 Tretcar-Rennen im Pausenhof der Grundschule veranstaltet. Eine kleine Tradition war damals das Jugend-Verkehrswochenende\u00a0eine Kombiwertung aus Fahrradturnier und Tretcar-Rennen.<\/span><br \/>\n<span style=\"font-family: arial,helvetica,sans-serif; font-size: 10pt;\">Der aufwendigste Posten in der MSC-Jugendarbeit ist aber das Kart-Programm. Dank einer Spende des damaligen zweiten Vorsitzenden Erich Faltenbacher sowie Zusch\u00fcssen des BMV, des Landkreises, der Gemeinde Wiesau und weiteren Spenden konnten 1989 zwei Slalom-Karts beschafft werden. <\/span><\/p>\n<table style=\"width: 100%; height: 331px;\" border=\"0\" align=\"left\">\n<tbody>\n<tr style=\"height: 302px;\">\n<td style=\"width: 46.0546%; height: 331px; text-align: left;\" rowspan=\"2\" align=\"center\" valign=\"middle\"><span style=\"font-family: arial,helvetica,sans-serif; font-size: 10pt;\">Pionierarbeit leistete damals der Sportleiter <strong>Horst-Otto Seidel.<\/strong> Der MSC Wiesau war auch der erste Ortsclub der 1990 im Bereich des ADAC-Gaus Nordbayern einen Kart-Slalom veranstaltete. Nicht zuletzt dank zahlreicher Gaststarter aus den Reihen der oberfr\u00e4nkischen DMV-Clubs wurden die Wiesauer Meisterschaft auf Jahre hin ein gro\u00dfer Erfolg. Die neu geschaffene Nordbay. ADAC Kart-Slalom-Meisterschaft sah 1991 drei Wiesauer Fahrer an der Spitze. Christian Grabe siegte vor Holger Schabl und Alexander Hederer. Horst-Otto Seidel ist es auch zu verdanken, dass die Jugendarbeit im MSC weiter bergauf ging.<\/span><\/td>\n<td style=\"width: 53.802%; height: 302px;\"><span style=\"font-family: arial,helvetica,sans-serif; font-size: 10pt;\"><img loading=\"lazy\" decoding=\"async\" class=\"alignnone wp-image-520\" src=\"https:\/\/www.msc-wiesau.de\/wordpress\/wp-content\/uploads\/2021\/05\/jugendkartslalom-80-Kartvorfuehrung-300x225.jpg\" alt=\"\" width=\"373\" height=\"280\" srcset=\"https:\/\/www.msc-wiesau.de\/wordpress\/wp-content\/uploads\/2021\/05\/jugendkartslalom-80-Kartvorfuehrung-300x225.jpg 300w, https:\/\/www.msc-wiesau.de\/wordpress\/wp-content\/uploads\/2021\/05\/jugendkartslalom-80-Kartvorfuehrung-1024x768.jpg 1024w, https:\/\/www.msc-wiesau.de\/wordpress\/wp-content\/uploads\/2021\/05\/jugendkartslalom-80-Kartvorfuehrung-768x576.jpg 768w, https:\/\/www.msc-wiesau.de\/wordpress\/wp-content\/uploads\/2021\/05\/jugendkartslalom-80-Kartvorfuehrung-1536x1152.jpg 1536w, https:\/\/www.msc-wiesau.de\/wordpress\/wp-content\/uploads\/2021\/05\/jugendkartslalom-80-Kartvorfuehrung-2048x1536.jpg 2048w\" sizes=\"auto, (max-width: 373px) 100vw, 373px\" \/><\/span><\/td>\n<\/tr>\n<tr style=\"height: 29px;\">\n<td style=\"width: 53.802%; height: 29px;\"><span style=\"font-family: arial,helvetica,sans-serif; font-size: 10pt;\"><strong>Bilder: Kart Vorf\u00fchrung beim Stra\u00dfenfest 1989 <\/strong><\/span><\/td>\n<\/tr>\n<\/tbody>\n<\/table>\n<p><span style=\"font-family: arial,helvetica,sans-serif; font-size: 10pt;\">In den folgenden Jahren konnten aufgrund intensiven Trainings diese Leistungen verbessert werden. Mit Andrea Neumeier und Markus Fr\u00f6hlich folgten zwei Kartfahrer die erfolgreich in die Fu\u00dfstapfen ihrer Vorg\u00e4nger traten. Ein Novum ist es auch, dass der MSC Wiesau, als einer der ersten Motorsportvereine, eine eigene Jugendordnung hat. Dies erm\u00f6glicht auch in Zukunft, Zusch\u00fcsse f\u00fcr die F\u00f6rderung der Jugend zu erhalten.<br \/>\n<\/span><span style=\"font-family: arial,helvetica,sans-serif; font-size: 10pt;\">Ein H\u00f6hepunkt war sicher das Jahr 2001, in dem Florian Zimmert sich den Titel des Bayerischen Meisters sicherte. Markus Fr\u00f6hlich belegte hier Platz drei in seiner Klasse.<br \/>\n<\/span><span style=\"font-family: arial,helvetica,sans-serif; font-size: 10pt;\">2002 begann die Erfolgsgeschichte von Sven Seidel, der bis 2011\u00a0unz\u00e4hlige regionale Meisterschaften, Nordbayerische und Bayerische Titel f\u00fcr sich verbuchen konnte. Mit dem Gewinn des Deutschen Meistertitels 2007 kr\u00f6nte er seine erfolgreiche Kart-Slalom Zeit. Neben ihm z\u00e4hlt auch Nick Ederer, Andreas Sirtl,Lukas Brosch,Niklas Sporrer und Martina Mark zu den erfolgreichen Kartfahrern der Jugendgruppe des MSC Wiesau.<br \/>\n<\/span><span style=\"font-family: arial,helvetica,sans-serif; font-size: 10pt;\">2011 konnte Oliver Thiem\u00a0aus der Klasse P1\u00a0den ADAC Bundes-Endlauf f\u00fcr sich entscheiden, und holte so seinen ersten gro\u00dfen Meistertitel.<br \/>\n<\/span><span style=\"font-family: arial,helvetica,sans-serif; font-size: 10pt;\">Ein besonderer Dank gilt auch den zahlreichen Sponsoren f\u00fcr ihre Unterst\u00fctzung der letzten 20 Jahre seit Bestehen der Jugendgruppe, der Marktgemeinde Wiesau, sowie den Eltern.<br \/>\n<\/span><span style=\"font-family: arial,helvetica,sans-serif; font-size: 10pt;\">Mit dem Parkplatz der Berufsschule in Wiesau, hat man seit Jahren wieder ein Gel\u00e4nde zur Verf\u00fcgung, das sich hervorragend f\u00fcr Trainings- und Veranstaltungszwecke eignet.<br \/>\n<\/span><span style=\"font-family: arial,helvetica,sans-serif; font-size: 10pt;\">Zurzeit hat die Jugendgruppe ca. 25 aktive Kartfahrer, die in zwei Gruppen zweimal w\u00f6chentlich ein Training abh\u00e4lt.<\/span><\/td>\n<\/tr>\n<tr style=\"height: 10px;\">\n<td style=\"width: 100%; height: 10px;\"><\/td>\n<\/tr>\n<\/tbody>\n<\/table>\n<h1><\/h1>\n<p>&nbsp;<\/p>\n","protected":false},"excerpt":{"rendered":"<p>Fahrrad &#8211; Tretcar &#8211; Kart Jugendarbeit im MSC Wiesau Von Beginn an, hatte der MSC Wiesau Veranstaltungen f\u00fcr die J\u00fcngeren Semester, junge Motorsportfans bzw. den Nachwuchs der Aktiven, im Programm. Zu den ersten\u00a0Aktivit\u00e4ten in dieser Richtung geh\u00f6rte die Kinder-Rallye bzw. Osterausfahrt mit kleinen Geschicklichkeitsaufgaben oder eine Fuchsjagd mit Jugendwertung. Neben den genannten M\u00f6glichkeiten, die eher &hellip; <\/p>\n<p class=\"link-more\"><a href=\"https:\/\/www.msc-wiesau.de\/wordpress\/kartgeschichte-in-wiesau\/\" class=\"more-link\"><span class=\"screen-reader-text\">\u201eKartgeschichte in Wiesau\u201c<\/span> weiterlesen<\/a><\/p>\n","protected":false},"author":1,"featured_media":0,"parent":0,"menu_order":0,"comment_status":"closed","ping_status":"closed","template":"","meta":{"_crdt_document":"","footnotes":""},"class_list":["post-134","page","type-page","status-publish","hentry"],"publishpress_future_action":{"enabled":false,"date":"2026-05-03 16:13:50","action":"change-status","newStatus":"draft","terms":[],"taxonomy":"","extraData":[]},"publishpress_future_workflow_manual_trigger":{"enabledWorkflows":[]},"_links":{"self":[{"href":"https:\/\/www.msc-wiesau.de\/wordpress\/wp-json\/wp\/v2\/pages\/134","targetHints":{"allow":["GET"]}}],"collection":[{"href":"https:\/\/www.msc-wiesau.de\/wordpress\/wp-json\/wp\/v2\/pages"}],"about":[{"href":"https:\/\/www.msc-wiesau.de\/wordpress\/wp-json\/wp\/v2\/types\/page"}],"author":[{"embeddable":true,"href":"https:\/\/www.msc-wiesau.de\/wordpress\/wp-json\/wp\/v2\/users\/1"}],"replies":[{"embeddable":true,"href":"https:\/\/www.msc-wiesau.de\/wordpress\/wp-json\/wp\/v2\/comments?post=134"}],"version-history":[{"count":5,"href":"https:\/\/www.msc-wiesau.de\/wordpress\/wp-json\/wp\/v2\/pages\/134\/revisions"}],"predecessor-version":[{"id":562,"href":"https:\/\/www.msc-wiesau.de\/wordpress\/wp-json\/wp\/v2\/pages\/134\/revisions\/562"}],"wp:attachment":[{"href":"https:\/\/www.msc-wiesau.de\/wordpress\/wp-json\/wp\/v2\/media?parent=134"}],"curies":[{"name":"wp","href":"https:\/\/api.w.org\/{rel}","templated":true}]}}